{"id":166,"date":"2022-02-17T11:12:19","date_gmt":"2022-02-17T11:12:19","guid":{"rendered":"https:\/\/malmiblaze.fi\/?page_id=166"},"modified":"2023-02-07T14:30:47","modified_gmt":"2023-02-07T14:30:47","slug":"roster-2022","status":"publish","type":"page","link":"https:\/\/malmiblaze.fi\/?page_id=166","title":{"rendered":"Roster 2022"},"content":{"rendered":"\n<h2 class=\"wp-block-heading\" id=\"blaze-roster-2022\"><strong>BLAZE ROSTER 2022<\/strong><\/h2>\n\n\n\n<figure class=\"wp-block-table is-style-regular\"><table><tbody><tr><td class=\"has-text-align-center\" data-align=\"center\"><strong>Number<\/strong><\/td><td class=\"has-text-align-center\" data-align=\"center\"><strong>Position<\/strong><\/td><td><strong>Name<\/strong><\/td><td><strong>Height<\/strong><\/td><td><strong>Weight<\/strong><\/td><td class=\"has-text-align-center\" data-align=\"center\"><strong>Years in Blaze<\/strong><\/td><\/tr><tr><td class=\"has-text-align-center\" data-align=\"center\"># 7<\/td><td class=\"has-text-align-center\" data-align=\"center\">QB<\/td><td>Vili Leinonen<\/td><td>183cm<\/td><td>88kg<\/td><td class=\"has-text-align-center\" data-align=\"center\">1<\/td><\/tr><tr><td class=\"has-text-align-center\" data-align=\"center\"># 10<\/td><td class=\"has-text-align-center\" data-align=\"center\">WR<\/td><td>Vertti Huttunen<\/td><td>183cm<\/td><td>64kg<\/td><td class=\"has-text-align-center\" data-align=\"center\">3<\/td><\/tr><tr><td class=\"has-text-align-center\" data-align=\"center\"># 11<\/td><td class=\"has-text-align-center\" data-align=\"center\">WR<\/td><td>Janne Helenius<\/td><td>185cm<\/td><td>87kg<\/td><td class=\"has-text-align-center\" data-align=\"center\">2<\/td><\/tr><tr><td class=\"has-text-align-center\" data-align=\"center\"># 12<\/td><td class=\"has-text-align-center\" data-align=\"center\">QB<\/td><td>Micke Kaarnakari<\/td><td>179cm<\/td><td>82kg<\/td><td class=\"has-text-align-center\" data-align=\"center\">FRESHMAN<\/td><\/tr><tr><td class=\"has-text-align-center\" data-align=\"center\"># 18<\/td><td class=\"has-text-align-center\" data-align=\"center\">DB<\/td><td>Mikko Saarikoski<\/td><td>170cm<\/td><td>73kg<\/td><td class=\"has-text-align-center\" data-align=\"center\">4<\/td><\/tr><tr><td class=\"has-text-align-center\" data-align=\"center\"># 20<\/td><td class=\"has-text-align-center\" data-align=\"center\">DB<\/td><td>Jani Hakala<\/td><td>188cm<\/td><td>88kg<\/td><td class=\"has-text-align-center\" data-align=\"center\">FRESHMAN<\/td><\/tr><tr><td class=\"has-text-align-center\" data-align=\"center\"># 21<\/td><td class=\"has-text-align-center\" data-align=\"center\">RB<\/td><td>Patrick Story<\/td><td>180cm<\/td><td>102kg<\/td><td class=\"has-text-align-center\" data-align=\"center\">4<\/td><\/tr><tr><td class=\"has-text-align-center\" data-align=\"center\"># 23<\/td><td class=\"has-text-align-center\" data-align=\"center\">DB<\/td><td>Jonne Nuojua<\/td><td>175cm<\/td><td>78kg<\/td><td class=\"has-text-align-center\" data-align=\"center\">FRESHMAN<\/td><\/tr><tr><td class=\"has-text-align-center\" data-align=\"center\"># 24<\/td><td class=\"has-text-align-center\" data-align=\"center\">DB<\/td><td>Patrick Herkama<\/td><td>178cm<\/td><td>75kg<\/td><td class=\"has-text-align-center\" data-align=\"center\">FRESHMAN<\/td><\/tr><tr><td class=\"has-text-align-center\" data-align=\"center\"># 26<\/td><td class=\"has-text-align-center\" data-align=\"center\">DB<\/td><td>Viljami Vappula<\/td><td>180cm<\/td><td>85kg<\/td><td class=\"has-text-align-center\" data-align=\"center\"><\/td><\/tr><tr><td class=\"has-text-align-center\" data-align=\"center\"># 30<\/td><td class=\"has-text-align-center\" data-align=\"center\">OL \/ DL<\/td><td>Elias Bj\u00f6rn<\/td><td>177cm<\/td><td>105kg<\/td><td class=\"has-text-align-center\" data-align=\"center\">FRESHMAN<\/td><\/tr><tr><td class=\"has-text-align-center\" data-align=\"center\"># 33<\/td><td class=\"has-text-align-center\" data-align=\"center\">SS \/ LB<\/td><td>Joni J\u00e4hi<\/td><td>175cm<\/td><td>94kg<\/td><td class=\"has-text-align-center\" data-align=\"center\">FRESHMAN<\/td><\/tr><tr><td class=\"has-text-align-center\" data-align=\"center\"># 42<\/td><td class=\"has-text-align-center\" data-align=\"center\">TE \/ DL<\/td><td>Mika Strikkinen<\/td><td>186cm<\/td><td>102kg<\/td><td class=\"has-text-align-center\" data-align=\"center\">2<\/td><\/tr><tr><td class=\"has-text-align-center\" data-align=\"center\"># 44<\/td><td class=\"has-text-align-center\" data-align=\"center\">LB<\/td><td>Markus Nieminen<\/td><td><\/td><td><\/td><td class=\"has-text-align-center\" data-align=\"center\">6<\/td><\/tr><tr><td class=\"has-text-align-center\" data-align=\"center\"># 45<\/td><td class=\"has-text-align-center\" data-align=\"center\">RB \/ WR<\/td><td>Antti Kainulainen<\/td><td><\/td><td><\/td><td class=\"has-text-align-center\" data-align=\"center\">2<\/td><\/tr><tr><td class=\"has-text-align-center\" data-align=\"center\"># 50<\/td><td class=\"has-text-align-center\" data-align=\"center\">OL<\/td><td>Tor \u00c5hl<\/td><td>190cm<\/td><td>108kg<\/td><td class=\"has-text-align-center\" data-align=\"center\">2<\/td><\/tr><tr><td class=\"has-text-align-center\" data-align=\"center\"># 54<\/td><td class=\"has-text-align-center\" data-align=\"center\">DL<\/td><td>Joel R\u00f6ssi<\/td><td>184cm<\/td><td>120kg<\/td><td class=\"has-text-align-center\" data-align=\"center\">1<\/td><\/tr><tr><td class=\"has-text-align-center\" data-align=\"center\"># 60<\/td><td class=\"has-text-align-center\" data-align=\"center\">SS \/ LB<\/td><td>Jarno Perokorpi<\/td><td>185cm<\/td><td>100kg<\/td><td class=\"has-text-align-center\" data-align=\"center\">FRESHMAN<\/td><\/tr><tr><td class=\"has-text-align-center\" data-align=\"center\"># 62<\/td><td class=\"has-text-align-center\" data-align=\"center\">OL<\/td><td>Simenon Siltam\u00e4ki<\/td><td>185cm<\/td><td>120kg<\/td><td class=\"has-text-align-center\" data-align=\"center\">1<\/td><\/tr><tr><td class=\"has-text-align-center\" data-align=\"center\"># 69<\/td><td class=\"has-text-align-center\" data-align=\"center\">OL<\/td><td>Veeti Luoti<\/td><td>184cm<\/td><td>103kg<\/td><td class=\"has-text-align-center\" data-align=\"center\">1<\/td><\/tr><tr><td class=\"has-text-align-center\" data-align=\"center\"># 83<\/td><td class=\"has-text-align-center\" data-align=\"center\">WR<\/td><td>Kimmo T\u00e4hk\u00e4p\u00e4\u00e4<\/td><td><\/td><td><\/td><td class=\"has-text-align-center\" data-align=\"center\">1<\/td><\/tr><tr><td class=\"has-text-align-center\" data-align=\"center\"># 85<\/td><td class=\"has-text-align-center\" data-align=\"center\">LB \/ DL<\/td><td>Miikka Hukkanen<\/td><td>191cm<\/td><td>125kg<\/td><td class=\"has-text-align-center\" data-align=\"center\">4<\/td><\/tr><tr><td class=\"has-text-align-center\" data-align=\"center\"># 87<\/td><td class=\"has-text-align-center\" data-align=\"center\">TE \/ WR<\/td><td>Gustav Wahlstein<\/td><td><\/td><td><\/td><td class=\"has-text-align-center\" data-align=\"center\">1<\/td><\/tr><tr><td class=\"has-text-align-center\" data-align=\"center\"># 88<\/td><td class=\"has-text-align-center\" data-align=\"center\">LB<\/td><td>Jarmo Manninen<\/td><td><\/td><td><\/td><td class=\"has-text-align-center\" data-align=\"center\">8<\/td><\/tr><tr><td class=\"has-text-align-center\" data-align=\"center\"># 90<\/td><td class=\"has-text-align-center\" data-align=\"center\">DL \/ LB<\/td><td>Onni Vainionp\u00e4\u00e4<\/td><td><\/td><td><\/td><td class=\"has-text-align-center\" data-align=\"center\">FRESHMAN<\/td><\/tr><tr><td class=\"has-text-align-center\" data-align=\"center\"># 91<\/td><td class=\"has-text-align-center\" data-align=\"center\">WR<\/td><td>Joona Vasamies<\/td><td>173cm<\/td><td>75kg<\/td><td class=\"has-text-align-center\" data-align=\"center\">FRESHMAN<\/td><\/tr><tr><td class=\"has-text-align-center\" data-align=\"center\"># 92<\/td><td class=\"has-text-align-center\" data-align=\"center\">DL \/ OL<\/td><td>Veli-Pekka Vuorela<\/td><td>188cm<\/td><td>137kg<\/td><td class=\"has-text-align-center\" data-align=\"center\">9<\/td><\/tr><tr><td class=\"has-text-align-center\" data-align=\"center\"># 97<\/td><td class=\"has-text-align-center\" data-align=\"center\">DL<\/td><td>Juhani Paasipohja<\/td><td>193cm<\/td><td>105kg<\/td><td class=\"has-text-align-center\" data-align=\"center\">1<\/td><\/tr><tr><td class=\"has-text-align-center\" data-align=\"center\"># 98<\/td><td class=\"has-text-align-center\" data-align=\"center\">DL<\/td><td>Anders Norrgrann<\/td><td><\/td><td><\/td><td class=\"has-text-align-center\" data-align=\"center\">6<\/td><\/tr><tr><td class=\"has-text-align-center\" data-align=\"center\"># 99<\/td><td class=\"has-text-align-center\" data-align=\"center\">LB<\/td><td>Juho Lepp\u00e4nen<\/td><td>183cm<\/td><td>110kg<\/td><td class=\"has-text-align-center\" data-align=\"center\">6<\/td><\/tr><\/tbody><\/table><\/figure>\n\n\n\n<h2 class=\"wp-block-heading\"><strong>STAFF<\/strong><\/h2>\n\n\n\n<figure class=\"wp-block-table\"><table><tbody><tr><td>Head coach<\/td><td>Jarmo Manninen<\/td><\/tr><tr><td>Offensive coordinator + QB coach<\/td><td>Terho Soini<\/td><\/tr><tr><td>Defensive coordinator + LB coach<\/td><td>Veli-Pekka Vuorela<\/td><\/tr><tr><td>Physics \/ RB coach<\/td><td>Patrick Story<\/td><\/tr><tr><td>WR coach<\/td><td>Janne Helenius<\/td><\/tr><tr><td>DB coach<\/td><td>Juha Kauko<\/td><\/tr><tr><td>OL + DL coach<\/td><td>Tero Vartiainen<\/td><\/tr><tr><td>Waterboy<\/td><td>Niko Ruotsalainen<\/td><\/tr><tr><td>Media Team \/ Producer Manager<\/td><td>Niko Silventoinen<\/td><\/tr><tr><td>Media Team \/ Photographer<\/td><td>Emilia Rajaste<\/td><\/tr><\/tbody><\/table><\/figure>\n","protected":false},"excerpt":{"rendered":"<p>BLAZE ROSTER 2022 Number Position Name Height Weight Years in Blaze # 7 QB Vili [&hellip;]<\/p>\n","protected":false},"author":1,"featured_media":0,"parent":197,"menu_order":0,"comment_status":"closed","ping_status":"closed","template":"template-full-width.php","meta":{"inline_featured_image":false,"footnotes":""},"class_list":["post-166","page","type-page","status-publish","hentry"],"_links":{"self":[{"href":"https:\/\/malmiblaze.fi\/index.php?rest_route=\/wp\/v2\/pages\/166"}],"collection":[{"href":"https:\/\/malmiblaze.fi\/index.php?rest_route=\/wp\/v2\/pages"}],"about":[{"href":"https:\/\/malmiblaze.fi\/index.php?rest_route=\/wp\/v2\/types\/page"}],"author":[{"embeddable":true,"href":"https:\/\/malmiblaze.fi\/index.php?rest_route=\/wp\/v2\/users\/1"}],"replies":[{"embeddable":true,"href":"https:\/\/malmiblaze.fi\/index.php?rest_route=%2Fwp%2Fv2%2Fcomments&post=166"}],"version-history":[{"count":15,"href":"https:\/\/malmiblaze.fi\/index.php?rest_route=\/wp\/v2\/pages\/166\/revisions"}],"predecessor-version":[{"id":497,"href":"https:\/\/malmiblaze.fi\/index.php?rest_route=\/wp\/v2\/pages\/166\/revisions\/497"}],"up":[{"embeddable":true,"href":"https:\/\/malmiblaze.fi\/index.php?rest_route=\/wp\/v2\/pages\/197"}],"wp:attachment":[{"href":"https:\/\/malmiblaze.fi\/index.php?rest_route=%2Fwp%2Fv2%2Fmedia&parent=166"}],"curies":[{"name":"wp","href":"https:\/\/api.w.org\/{rel}","templated":true}]}}