{"id":264,"date":"2022-02-19T10:10:26","date_gmt":"2022-02-19T10:10:26","guid":{"rendered":"https:\/\/malmiblaze.fi\/?page_id=264"},"modified":"2022-02-19T11:18:25","modified_gmt":"2022-02-19T11:18:25","slug":"roster-2015","status":"publish","type":"page","link":"https:\/\/malmiblaze.fi\/?page_id=264","title":{"rendered":"Roster 2015"},"content":{"rendered":"\n<h2 class=\"wp-block-heading\" id=\"blaze-roster-2015\">Blaze Roster 2015<\/h2>\n\n\n\n<figure class=\"wp-block-table is-style-regular\"><table><tbody><tr><td class=\"has-text-align-center\" data-align=\"center\"><strong>Number<\/strong><\/td><td class=\"has-text-align-center\" data-align=\"center\"><strong>Position<\/strong><\/td><td><strong>Name<\/strong><\/td><\/tr><tr><td class=\"has-text-align-center\" data-align=\"center\"># 2<\/td><td class=\"has-text-align-center\" data-align=\"center\">DB<\/td><td>Ari K\u00e4rkk\u00e4inen<\/td><\/tr><tr><td class=\"has-text-align-center\" data-align=\"center\"># 4<\/td><td class=\"has-text-align-center\" data-align=\"center\">DB<\/td><td>Oskari Jaakkola<\/td><\/tr><tr><td class=\"has-text-align-center\" data-align=\"center\"># 6<\/td><td class=\"has-text-align-center\" data-align=\"center\">DB<\/td><td>Lauri Hartikainen<\/td><\/tr><tr><td class=\"has-text-align-center\" data-align=\"center\"># 7<\/td><td class=\"has-text-align-center\" data-align=\"center\">RB<\/td><td>Marko Ahola<\/td><\/tr><tr><td class=\"has-text-align-center\" data-align=\"center\"># 8<\/td><td class=\"has-text-align-center\" data-align=\"center\">WR<\/td><td>Janne Happo<\/td><\/tr><tr><td class=\"has-text-align-center\" data-align=\"center\"># 10<\/td><td class=\"has-text-align-center\" data-align=\"center\">RB \/ WR<\/td><td>Lauri Murto<\/td><\/tr><tr><td class=\"has-text-align-center\" data-align=\"center\"># 11<\/td><td class=\"has-text-align-center\" data-align=\"center\">DB<\/td><td>Mikko Saarikoski<\/td><\/tr><tr><td class=\"has-text-align-center\" data-align=\"center\"># 12<\/td><td class=\"has-text-align-center\" data-align=\"center\">DB<\/td><td>Anssi Halttunen<\/td><\/tr><tr><td class=\"has-text-align-center\" data-align=\"center\"># 13<\/td><td class=\"has-text-align-center\" data-align=\"center\">LB<\/td><td>Tare Lepist\u00f6<\/td><\/tr><tr><td class=\"has-text-align-center\" data-align=\"center\"># 14<\/td><td class=\"has-text-align-center\" data-align=\"center\">LB<\/td><td>Markus Nieminen<\/td><\/tr><tr><td class=\"has-text-align-center\" data-align=\"center\"># 17<\/td><td class=\"has-text-align-center\" data-align=\"center\">WR<\/td><td>Ilmo Jokelainen<\/td><\/tr><tr><td class=\"has-text-align-center\" data-align=\"center\"># 18<\/td><td class=\"has-text-align-center\" data-align=\"center\">DB<\/td><td>Janne Karkman<\/td><\/tr><tr><td class=\"has-text-align-center\" data-align=\"center\"># 19<\/td><td class=\"has-text-align-center\" data-align=\"center\">RB<\/td><td>Marko Ahola<\/td><\/tr><tr><td class=\"has-text-align-center\" data-align=\"center\"># 13<\/td><td class=\"has-text-align-center\" data-align=\"center\">LB<\/td><td>Tare Lepist\u00f6<\/td><\/tr><tr><td class=\"has-text-align-center\" data-align=\"center\"># 24<\/td><td class=\"has-text-align-center\" data-align=\"center\">DB<\/td><td>Ville Ahokas<\/td><\/tr><tr><td class=\"has-text-align-center\" data-align=\"center\"># 27<\/td><td class=\"has-text-align-center\" data-align=\"center\">WR \/ RB<\/td><td>Kimi Niiranen<\/td><\/tr><tr><td class=\"has-text-align-center\" data-align=\"center\"># 33<\/td><td class=\"has-text-align-center\" data-align=\"center\">DL<\/td><td>Anders Norrgrann<\/td><\/tr><tr><td class=\"has-text-align-center\" data-align=\"center\"># 50<\/td><td class=\"has-text-align-center\" data-align=\"center\">LB<\/td><td>Antti V\u00e4is\u00e4nen<\/td><\/tr><tr><td class=\"has-text-align-center\" data-align=\"center\"># 51<\/td><td class=\"has-text-align-center\" data-align=\"center\">LB<\/td><td>Juho Lepp\u00e4nen<\/td><\/tr><tr><td class=\"has-text-align-center\" data-align=\"center\"># 52<\/td><td class=\"has-text-align-center\" data-align=\"center\">LB<\/td><td>Joni H\u00e4m\u00e4l\u00e4inen<\/td><\/tr><tr><td class=\"has-text-align-center\" data-align=\"center\"># 54<\/td><td class=\"has-text-align-center\" data-align=\"center\">C<\/td><td>Timo J\u00e4\u00e4skel\u00e4inen<\/td><\/tr><tr><td class=\"has-text-align-center\" data-align=\"center\"># 55<\/td><td class=\"has-text-align-center\" data-align=\"center\">LB<\/td><td>Jussi Saarela<\/td><\/tr><tr><td class=\"has-text-align-center\" data-align=\"center\"># 56<\/td><td class=\"has-text-align-center\" data-align=\"center\">OL<\/td><td>Pasi Halttunen<\/td><\/tr><tr><td class=\"has-text-align-center\" data-align=\"center\"># 60<\/td><td class=\"has-text-align-center\" data-align=\"center\">C \/ LB<\/td><td>Ville-Veikko Pasanen<\/td><\/tr><tr><td class=\"has-text-align-center\" data-align=\"center\"># 69<\/td><td class=\"has-text-align-center\" data-align=\"center\">OL \/ DL<\/td><td>Janne Petjoi<\/td><\/tr><tr><td class=\"has-text-align-center\" data-align=\"center\"># 77<\/td><td class=\"has-text-align-center\" data-align=\"center\">OL<\/td><td>Joonas Lappalainen<\/td><\/tr><tr><td class=\"has-text-align-center\" data-align=\"center\"># 80<\/td><td class=\"has-text-align-center\" data-align=\"center\">OL<\/td><td>Kristian Valkonen<\/td><\/tr><tr><td class=\"has-text-align-center\" data-align=\"center\"># 84<\/td><td class=\"has-text-align-center\" data-align=\"center\">DL<\/td><td>Veli-Pekka Vuorela<\/td><\/tr><tr><td class=\"has-text-align-center\" data-align=\"center\"># 88<\/td><td class=\"has-text-align-center\" data-align=\"center\">QB<\/td><td>Jarmo Manninen<\/td><\/tr><\/tbody><\/table><\/figure>\n\n\n\n<p style=\"font-size:35px\"><strong>STAFF<\/strong><\/p>\n\n\n\n<figure class=\"wp-block-table\"><table><tbody><tr><td>Head coach<\/td><td>Veli-Pekka Vuorela<\/td><\/tr><tr><td>Offensive coordinator<\/td><td>Jarmo Manninen<\/td><\/tr><tr><td>Media Team \/ Producer Manager<\/td><td>Niko Silventoinen<\/td><\/tr><\/tbody><\/table><\/figure>\n","protected":false},"excerpt":{"rendered":"<p>Blaze Roster 2015 Number Position Name # 2 DB Ari K\u00e4rkk\u00e4inen # 4 DB Oskari [&hellip;]<\/p>\n","protected":false},"author":1,"featured_media":0,"parent":197,"menu_order":0,"comment_status":"closed","ping_status":"closed","template":"template-full-width.php","meta":{"inline_featured_image":false,"footnotes":""},"class_list":["post-264","page","type-page","status-publish","hentry"],"_links":{"self":[{"href":"https:\/\/malmiblaze.fi\/index.php?rest_route=\/wp\/v2\/pages\/264"}],"collection":[{"href":"https:\/\/malmiblaze.fi\/index.php?rest_route=\/wp\/v2\/pages"}],"about":[{"href":"https:\/\/malmiblaze.fi\/index.php?rest_route=\/wp\/v2\/types\/page"}],"author":[{"embeddable":true,"href":"https:\/\/malmiblaze.fi\/index.php?rest_route=\/wp\/v2\/users\/1"}],"replies":[{"embeddable":true,"href":"https:\/\/malmiblaze.fi\/index.php?rest_route=%2Fwp%2Fv2%2Fcomments&post=264"}],"version-history":[{"count":7,"href":"https:\/\/malmiblaze.fi\/index.php?rest_route=\/wp\/v2\/pages\/264\/revisions"}],"predecessor-version":[{"id":291,"href":"https:\/\/malmiblaze.fi\/index.php?rest_route=\/wp\/v2\/pages\/264\/revisions\/291"}],"up":[{"embeddable":true,"href":"https:\/\/malmiblaze.fi\/index.php?rest_route=\/wp\/v2\/pages\/197"}],"wp:attachment":[{"href":"https:\/\/malmiblaze.fi\/index.php?rest_route=%2Fwp%2Fv2%2Fmedia&parent=264"}],"curies":[{"name":"wp","href":"https:\/\/api.w.org\/{rel}","templated":true}]}}