{"id":268,"date":"2022-02-19T10:37:55","date_gmt":"2022-02-19T10:37:55","guid":{"rendered":"https:\/\/malmiblaze.fi\/?page_id=268"},"modified":"2022-02-20T15:00:14","modified_gmt":"2022-02-20T15:00:14","slug":"roster-2014","status":"publish","type":"page","link":"https:\/\/malmiblaze.fi\/?page_id=268","title":{"rendered":"Roster 2014"},"content":{"rendered":"\n<h2 class=\"wp-block-heading\" id=\"blaze-roster-2014\">Blaze Roster 2014<\/h2>\n\n\n\n<figure class=\"wp-block-table is-style-regular\"><table><tbody><tr><td class=\"has-text-align-center\" data-align=\"center\"><strong>Number<\/strong><\/td><td class=\"has-text-align-center\" data-align=\"center\"><strong>Position<\/strong><\/td><td><strong>Name<\/strong><\/td><\/tr><tr><td class=\"has-text-align-center\" data-align=\"center\"># 2<\/td><td class=\"has-text-align-center\" data-align=\"center\">DB<\/td><td>Ari K\u00e4rkk\u00e4inen<\/td><\/tr><tr><td class=\"has-text-align-center\" data-align=\"center\"># 4<\/td><td class=\"has-text-align-center\" data-align=\"center\">OL \/ DL<\/td><td>Tomi Jeskanen<\/td><\/tr><tr><td class=\"has-text-align-center\" data-align=\"center\"># 7<\/td><td class=\"has-text-align-center\" data-align=\"center\">QB<\/td><td>Janne Laukka<\/td><\/tr><tr><td class=\"has-text-align-center\" data-align=\"center\"># 13<\/td><td class=\"has-text-align-center\" data-align=\"center\">DB<\/td><td>Teemu Pahkala<\/td><\/tr><tr><td class=\"has-text-align-center\" data-align=\"center\"># 17<\/td><td class=\"has-text-align-center\" data-align=\"center\">WR \/ DB<\/td><td>Ilmo Jokelainen<\/td><\/tr><tr><td class=\"has-text-align-center\" data-align=\"center\"># 18<\/td><td class=\"has-text-align-center\" data-align=\"center\">RB \/ LB<\/td><td>Joe Leitola<\/td><\/tr><tr><td class=\"has-text-align-center\" data-align=\"center\"># 20<\/td><td class=\"has-text-align-center\" data-align=\"center\">DL<\/td><td>Miikka Hukkanen<\/td><\/tr><tr><td class=\"has-text-align-center\" data-align=\"center\"># 27<\/td><td class=\"has-text-align-center\" data-align=\"center\">RB \/ WR<\/td><td>Kimi Niiranen<\/td><\/tr><tr><td class=\"has-text-align-center\" data-align=\"center\"># 32<\/td><td class=\"has-text-align-center\" data-align=\"center\">RB \/ OL<\/td><td>Tommi H\u00e4m\u00e4l\u00e4inen<\/td><\/tr><tr><td class=\"has-text-align-center\" data-align=\"center\"># 50<\/td><td class=\"has-text-align-center\" data-align=\"center\">LB<\/td><td>Antti V\u00e4is\u00e4nen<\/td><\/tr><tr><td class=\"has-text-align-center\" data-align=\"center\"># 54<\/td><td class=\"has-text-align-center\" data-align=\"center\">C<\/td><td>Timo J\u00e4\u00e4skel\u00e4inen<\/td><\/tr><tr><td class=\"has-text-align-center\" data-align=\"center\"># 55<\/td><td class=\"has-text-align-center\" data-align=\"center\">LB<\/td><td>Jussi Saarela<\/td><\/tr><tr><td class=\"has-text-align-center\" data-align=\"center\"># 83<\/td><td class=\"has-text-align-center\" data-align=\"center\">WR<\/td><td>Aliaksandr Kureichyk<\/td><\/tr><tr><td class=\"has-text-align-center\" data-align=\"center\"># 89<\/td><td class=\"has-text-align-center\" data-align=\"center\">OL \/ DL<\/td><td>Aki Hel\u00e9n<\/td><\/tr><tr><td class=\"has-text-align-center\" data-align=\"center\"># 84<\/td><td class=\"has-text-align-center\" data-align=\"center\">OL<\/td><td>Veli-Pekka Vuorela<\/td><\/tr><tr><td class=\"has-text-align-center\" data-align=\"center\"># 88<\/td><td class=\"has-text-align-center\" data-align=\"center\">WR \/ QB<\/td><td>Jarmo Manninen<\/td><\/tr><\/tbody><\/table><\/figure>\n\n\n\n<p style=\"font-size:35px\"><strong>STAFF<\/strong><\/p>\n\n\n\n<figure class=\"wp-block-table\"><table><tbody><tr><td>Head coach<\/td><td>Veli-Pekka Vuorela<\/td><\/tr><tr><td>Defensive coordinator<\/td><td>Aarni Korhonen<\/td><\/tr><tr><td>Assistant coach<\/td><td>Timo J\u00e4\u00e4skel\u00e4inen<\/td><\/tr><tr><td>Media Team \/ Producer Manager<\/td><td>Niko Silventoinen<\/td><\/tr><\/tbody><\/table><\/figure>\n","protected":false},"excerpt":{"rendered":"<p>Blaze Roster 2014 Number Position Name # 2 DB Ari K\u00e4rkk\u00e4inen # 4 OL \/ [&hellip;]<\/p>\n","protected":false},"author":1,"featured_media":0,"parent":197,"menu_order":0,"comment_status":"closed","ping_status":"closed","template":"template-full-width.php","meta":{"inline_featured_image":false,"footnotes":""},"class_list":["post-268","page","type-page","status-publish","hentry"],"_links":{"self":[{"href":"https:\/\/malmiblaze.fi\/index.php?rest_route=\/wp\/v2\/pages\/268"}],"collection":[{"href":"https:\/\/malmiblaze.fi\/index.php?rest_route=\/wp\/v2\/pages"}],"about":[{"href":"https:\/\/malmiblaze.fi\/index.php?rest_route=\/wp\/v2\/types\/page"}],"author":[{"embeddable":true,"href":"https:\/\/malmiblaze.fi\/index.php?rest_route=\/wp\/v2\/users\/1"}],"replies":[{"embeddable":true,"href":"https:\/\/malmiblaze.fi\/index.php?rest_route=%2Fwp%2Fv2%2Fcomments&post=268"}],"version-history":[{"count":3,"href":"https:\/\/malmiblaze.fi\/index.php?rest_route=\/wp\/v2\/pages\/268\/revisions"}],"predecessor-version":[{"id":296,"href":"https:\/\/malmiblaze.fi\/index.php?rest_route=\/wp\/v2\/pages\/268\/revisions\/296"}],"up":[{"embeddable":true,"href":"https:\/\/malmiblaze.fi\/index.php?rest_route=\/wp\/v2\/pages\/197"}],"wp:attachment":[{"href":"https:\/\/malmiblaze.fi\/index.php?rest_route=%2Fwp%2Fv2%2Fmedia&parent=268"}],"curies":[{"name":"wp","href":"https:\/\/api.w.org\/{rel}","templated":true}]}}