{"id":397,"date":"2022-07-12T15:51:07","date_gmt":"2022-07-12T15:51:07","guid":{"rendered":"https:\/\/malmiblaze.fi\/?page_id=397"},"modified":"2022-08-15T15:19:54","modified_gmt":"2022-08-15T15:19:54","slug":"tournament-report-saturday-9th-of-july","status":"publish","type":"page","link":"https:\/\/malmiblaze.fi\/?page_id=397","title":{"rendered":"Saturday 9th of July &#8211; report"},"content":{"rendered":"\n<h1 class=\"wp-block-heading\">Tournament report Saturday 9th of July<\/h1>\n\n\n\n<h3 class=\"wp-block-heading\"><em><strong>Otteluraportin tarjoaa ProMesta Henkil\u00f6st\u00f6palvelut Oy<\/strong><\/em><\/h3>\n\n\n\n<p>ProMesta Blaze l\u00e4hti Sipoon turnaukseen avaamaan 10-vuotisjuhlakautensa pitk\u00e4n harjoittelukauden j\u00e4lkeen odottavissa tunnelmissa. Joukkueen kokoonpano oli uudistunut offseasonin aikana perin pohjin edelliskauden Final Four -turnaukseen p\u00e4\u00e4sseest\u00e4, muun muassa kaikki puolustuksen takamiehet pelaavat nyt ensimm\u00e4ist\u00e4 kauttaan aikuisten tasolla ja my\u00f6s molemmat pelinrakentajat ovat vaihtuneet sitten viime syyskuun. N\u00e4inkin massiiviset muutokset kokoonpanossa eiv\u00e4t kuitenkaan tuntuneet juuri haittaavan, sill\u00e4 Blaze saavutti S\u00f6derkullan kent\u00e4lt\u00e4 voitot niin Jyv\u00e4skyl\u00e4 Jaguarsia kuin Sipoo Bulldogsia vastaan. Voittojen ansiosta Blaze jakaa miesten 3. divisioonan A-lohkon k\u00e4rkipaikkaa yhdess\u00e4 Joensuu Wolvesin kanssa, joka niin ik\u00e4\u00e4n kairasi voitot Jaguarsista ja Bulldogsista lauantaina.<\/p>\n\n\n\n<figure class=\"wp-block-image size-large\"><img loading=\"lazy\" decoding=\"async\" width=\"1024\" height=\"563\" src=\"https:\/\/malmiblaze.fi\/wp-content\/uploads\/2022\/07\/e1cce63d-cc6d-48b6-ad4b-810571eaed62-1024x563.jpg\" alt=\"\" class=\"wp-image-399\" srcset=\"https:\/\/malmiblaze.fi\/wp-content\/uploads\/2022\/07\/e1cce63d-cc6d-48b6-ad4b-810571eaed62-1024x563.jpg 1024w, https:\/\/malmiblaze.fi\/wp-content\/uploads\/2022\/07\/e1cce63d-cc6d-48b6-ad4b-810571eaed62-300x165.jpg 300w, https:\/\/malmiblaze.fi\/wp-content\/uploads\/2022\/07\/e1cce63d-cc6d-48b6-ad4b-810571eaed62-768x422.jpg 768w, https:\/\/malmiblaze.fi\/wp-content\/uploads\/2022\/07\/e1cce63d-cc6d-48b6-ad4b-810571eaed62-1536x845.jpg 1536w, https:\/\/malmiblaze.fi\/wp-content\/uploads\/2022\/07\/e1cce63d-cc6d-48b6-ad4b-810571eaed62.jpg 1917w\" sizes=\"(max-width: 1024px) 100vw, 1024px\" \/><\/figure>\n\n\n\n<h2 class=\"wp-block-heading\"><strong>Syd\u00e4mentykytyksi\u00e4 S\u00f6derkullan nurmella<\/strong><\/h2>\n\n\n\n<h3 class=\"wp-block-heading\"><strong>Jyv\u00e4skyl\u00e4 Jaguars \u2013 ProMesta Blaze 20-22 (14-22)<\/strong><\/h3>\n\n\n\n<p>Blaze avasi kautensa Jyv\u00e4skyl\u00e4 Jaguarsia vastaan kunnon trilleriss\u00e4, joka ratkesi vasta ottelun viimeisell\u00e4 drivella. Blaze aloitti ottelun jo kirotun samankaltaisesti kuin edelt\u00e4vin\u00e4 vuosina, p\u00e4\u00e4st\u00e4en vastustajan tekem\u00e4\u00e4n touchdownin 60 jaardin juoksupelill\u00e4 heti pelin avausdownilla. Lis\u00e4pistesuorituksen onnistuessa Jaguars johti ottelua 8-0 kun pelikellosta oli kulunut vasta reilu minuutti. Blaze ei kuitenkaan t\u00e4st\u00e4 h\u00e4tk\u00e4ht\u00e4nyt, vaan hy\u00f6kk\u00e4ys toisti Jyv\u00e4skyl\u00e4n tempun, kun Blazen paitaan 10-vuotisjuhlakaudeksi palannut laitahy\u00f6kk\u00e4\u00e4j\u00e4 <strong><mark style=\"background-color:#fcb900\" class=\"has-inline-color has-black-color\">Janne Helenius<\/mark><\/strong> j\u00e4i t\u00e4ysin vartiotta Jaguarsin puolustukselta, mink\u00e4 johdosta Heleniuksella oli helppo ty\u00f6 kiit\u00e4\u00e4 avointa baanaa 60 jaardia pohjiin asti. Kun lis\u00e4pistesuorituskin onnistui, oli peli tasan 8-8 ja takaisin l\u00e4ht\u00f6pisteess\u00e4. Blazen puolustus kuitenkin k\u00e4ynnisteli viel\u00e4 koneitaan, kun Jyv\u00e4skyl\u00e4l\u00e4isten seuraavakin hy\u00f6kk\u00e4ysvuoro l\u00f6ysi tiens\u00e4 maalialueelle. Lis\u00e4pistesuoritus kuitenkin pys\u00e4ytettiin niille sijoilleen puolustuksen tukimiesten ja linjapelaajien hienon yhteisty\u00f6n seurauksena, ja Blazen hy\u00f6kk\u00e4ys p\u00e4\u00e4si kent\u00e4lle tilanteesta 14-8. T\u00e4t\u00e4 tilaisuutta pelinrakentaja <strong><mark style=\"background-color:#fcb900\" class=\"has-inline-color has-black-color\">Vili Leinosen<\/mark><\/strong> johtama hy\u00f6kk\u00e4ys ei j\u00e4tt\u00e4nyt k\u00e4ytt\u00e4m\u00e4tt\u00e4, kun pallo l\u00f6ytyi jo toista kertaa maalialueelta Heleniuksen k\u00e4sist\u00e4 heittopelin seurauksena. Keskushy\u00f6kk\u00e4\u00e4j\u00e4 <strong><mark style=\"background-color:#fcb900\" class=\"has-inline-color has-black-color\">Patrick Story<\/mark> <\/strong>juoksi pallon kanssa maalialueelle lis\u00e4pisteiden arvoisesti ja Blaze siirtyi ensimm\u00e4ist\u00e4 kertaa johtoon luvuin 14-16. <\/p>\n\n\n\n<p>Hy\u00f6kk\u00e4yksen n\u00e4ytt\u00e4ess\u00e4 osaamistaan olivat Blazen puolustuksen joukot saaneet rivins\u00e4 kasattua ja Jaguarsin loput hy\u00f6kk\u00e4ysvuorot ottelun ensimm\u00e4isell\u00e4 puoliskolla pys\u00e4htyiv\u00e4t entisten malmilaisten lihamuuriin. Jyv\u00e4skyl\u00e4 sai toki pallon kerran maalialueelle, mutta t\u00e4h\u00e4n oli johtanut selke\u00e4 sy\u00f6t\u00f6n vastaanoton h\u00e4irint\u00e4 hy\u00f6kk\u00e4yksen toimesta eik\u00e4 touchdownia n\u00e4in ollen syntynyt. Blaze sen sijaan kaunisteli omaa pistesarakettaan viel\u00e4 kertaalleen ensimm\u00e4isell\u00e4 puoliajalla, kun <strong><mark style=\"background-color:#fcb900\" class=\"has-inline-color has-black-color\">Antti Kainulainen<\/mark><\/strong> juoksi pallon kanssa maalialueelle. Lis\u00e4piste kuitenkin ep\u00e4onnistui ja taukolukemiksi kirjattiin 14-22 Blazen eduksi. Toinen puoliaika oli puolustusten juhlaa, sill\u00e4 kummankaan joukkueen hy\u00f6kk\u00e4ys ei tuottanut ainuttakaan pistett\u00e4 tauon j\u00e4lkeen. Sen sijaan tauon aikana Jaguars oli saanut loukkaantumisia k\u00e4rsineen kokoonpanonsa viritetty\u00e4 iskuun, mink\u00e4 seurauksena jyv\u00e4skyl\u00e4l\u00e4iset nappasivat useamman sy\u00f6t\u00f6nkatkon Blazen pitkist\u00e4 heittopeleist\u00e4, palauttaen yhden jopa maalialueelle touchdownin arvoisesti. Blazen puolustus kuitenkin jatkoi siit\u00e4 mihin edelt\u00e4v\u00e4n puoliskon lopussa j\u00e4in eik\u00e4 jyv\u00e4skyl\u00e4l\u00e4isten lis\u00e4pisteyrityksell\u00e4 ollut mahdollisuuksia l\u00f6yt\u00e4\u00e4 tiet\u00e4\u00e4n maalialueelle. <\/p>\n\n\n\n<p>Ottelun toisella puolikkaalla Jaguarsin hy\u00f6kk\u00e4yst\u00e4 piinasi erityisesti v\u00e4kev\u00e4n ottelun pelannut tukimies <strong><mark style=\"background-color:#fcb900\" class=\"has-inline-color has-black-color\">Miikka Hukkanen<\/mark><\/strong>, joka kirjasi ottelussa sen verran monta taklausta ja pelinrakentajan s\u00e4kityst\u00e4, ett\u00e4 Blazenkin sivurajalla loppuivat sormet kesken niit\u00e4 laskiessa. Ottelu huipentui viimeiseen minuuttiin, jolloin Jaguarsin hy\u00f6kk\u00e4ys oli noin 30 jaardin p\u00e4\u00e4ss\u00e4 Blazen maalialueesta ja heill\u00e4 oli nelj\u00e4 downia aikaa saada uudet yritykset, muussa tapauksessa Blaze tulisi voittamaan ottelun. Jaguars p\u00e4\u00e4si kerran maalialueelle kikkapussin perukoilta l\u00f6ytyneell\u00e4 option-pelill\u00e4, mutta jyv\u00e4skyl\u00e4l\u00e4isten pelinrakentaja piti palloa hallussaan liian kauan, ollen l\u00e4hes 5 jaardia aloituslinjan etupuolella heitt\u00e4ess\u00e4\u00e4n pallon eteenp\u00e4in keskushy\u00f6kk\u00e4\u00e4j\u00e4lle. Ottelun tuomarit kokoontuivat pidemm\u00e4ksi aikaa pohtimaan oikeaa tuomiota, mutta lopulta he p\u00e4\u00e4tyiv\u00e4t oikeudenmukaisesti hylk\u00e4\u00e4m\u00e4\u00e4n syntyneen touchdownin. Orastavasta syd\u00e4nkohtauksesta toivuttuaan Blazen puolustuksen koordinaattori <strong><mark style=\"background-color:#fcb900\" class=\"has-inline-color has-black-color\">Veli-Pekka Vuorela<\/mark><\/strong> sai kaivettua pelikirjastaan juuri oikeat pelit, jolloin Jaguarsin hy\u00f6kk\u00e4ys ei saanut edetty\u00e4 en\u00e4\u00e4 jaardiakaan. N\u00e4in ollen Blazen hy\u00f6kk\u00e4ys sai k\u00e4yd\u00e4 kent\u00e4ll\u00e4 laskemassa polven maahan voittomuodostelmassa ja joukkue p\u00e4\u00e4si juhlimaan 20-22 voittoa kovan ty\u00f6n p\u00e4\u00e4tteeksi. T\u00e4m\u00e4 merkkasi my\u00f6s ensimm\u00e4ist\u00e4 kertaa sitten vuoden 2015, kun Blaze on voittanut kauden ensimm\u00e4isen ottelunsa.<\/p>\n\n\n\n<figure class=\"wp-block-image size-full\"><img loading=\"lazy\" decoding=\"async\" width=\"750\" height=\"538\" src=\"https:\/\/malmiblaze.fi\/wp-content\/uploads\/2022\/07\/38326670-4fd0-4707-a73c-f3a4420e2c0e.jpg\" alt=\"\" class=\"wp-image-398\" srcset=\"https:\/\/malmiblaze.fi\/wp-content\/uploads\/2022\/07\/38326670-4fd0-4707-a73c-f3a4420e2c0e.jpg 750w, https:\/\/malmiblaze.fi\/wp-content\/uploads\/2022\/07\/38326670-4fd0-4707-a73c-f3a4420e2c0e-300x215.jpg 300w\" sizes=\"(max-width: 750px) 100vw, 750px\" \/><\/figure>\n\n\n\n<h2 class=\"wp-block-heading\"><strong>Revanssi orastavasta arkkivihollisesta<\/strong><\/h2>\n\n\n\n<h3 class=\"wp-block-heading\"><strong>Sipoo Bulldogs \u2013 ProMesta Blaze 14-22 (0-22)<\/strong><\/h3>\n\n\n\n<p>Turnauksen p\u00e4\u00e4t\u00f6sottelu oli samalla revanssi viime kauden pronssiottelusta, jonka Sipoo oli vienyt nimiins\u00e4 murskaavasti 36-6. Kohtaamiset Bulldogsin ja Blazen v\u00e4lill\u00e4 ovat etenkin viime vuosina olleet tulikivenkatkuisia taisteluita, joissa tunteet ovat k\u00e4yneet kuumina puolin jos toisin, eik\u00e4 lauantai-iltap\u00e4iv\u00e4n ottelu tehnyt poikkeusta, vaikka molempien joukkueiden kokoonpanot ovat suurilta osin vaihtuneet viime kauden pronssiottelun j\u00e4lkeen.<\/p>\n\n\n\n<p>Sipoota vastaan Blaze oli vaihtanut pelinrakentajana aiemmassa ottelussa olleen Leinosen laitahy\u00f6kk\u00e4\u00e4j\u00e4ksi ja sentterin takana hy\u00f6kk\u00e4yst\u00e4 johti <strong><mark style=\"background-color:#fcb900\" class=\"has-inline-color has-black-color\">Micke Kaarnakari<\/mark><\/strong>. Kaarnakarilla oli kuitenkin ottelun alussa k\u00e4ynnistymisvaikeuksia samaan tapaan kuin Blazen puolustuksella Jyv\u00e4skyl\u00e4\u00e4 vastaan, sill\u00e4 kummankin hy\u00f6kk\u00e4ysvuoron ensimm\u00e4iset heitot p\u00e4\u00e4tyiv\u00e4t sy\u00f6t\u00f6nkatkoiksi. T\u00e4ll\u00e4 kertaa oli kuitenkin Blazen puolustuksen vuoro loistaa ottelun alussa, sill\u00e4 sipoolaiset eiv\u00e4t saaneet hyvist\u00e4 kentt\u00e4asetelmistaan huolimatta tehty\u00e4 pisteit\u00e4 kotiyleis\u00f6ns\u00e4 edess\u00e4. Blazen hy\u00f6kk\u00e4ys alkoi kuitenkin pikkuhiljaa saada rytmist\u00e4\u00e4n kiinni ja t\u00e4m\u00e4 tuli n\u00e4kyviin my\u00f6s tulostaululle, kun maantiekiit\u00e4j\u00e4\u00e4n verrattavissa oleva laitahy\u00f6kk\u00e4\u00e4j\u00e4 <strong><mark style=\"background-color:#fcb900\" class=\"has-inline-color has-black-color\">Vertti Huttunen<\/mark><\/strong> j\u00e4tti puolustuksen takamiehet nielem\u00e4\u00e4n p\u00f6ly\u00e4 kuin Kelju K. Kojootin konsanaan ja Kaarnakarin heitt\u00e4m\u00e4 pitk\u00e4 pallo l\u00f6ysi tiens\u00e4 maalialueelle Huttusen k\u00e4siss\u00e4. Keskushy\u00f6kk\u00e4\u00e4j\u00e4 Story siirsi p\u00e4iv\u00e4n kolmannella onnistuneella lis\u00e4pisteyrityksell\u00e4\u00e4n Blazen 8-0 johtoon. T\u00e4m\u00e4 l\u00f6i alkutahdit Blazen n\u00e4yt\u00f6kselle, jollaiseksi ensimm\u00e4isen puoliskon loppu muodostui \u2013 Blazen puolustus Hukkasen, tukimies <strong><mark style=\"background-color:#fcb900\" class=\"has-inline-color has-black-color\">Juho Lepp\u00e4sen<\/mark><\/strong> sek\u00e4 ulomman puolustuksen linjamiehen paikalla tuuranneen <strong><mark style=\"background-color:#fcb900\" class=\"has-inline-color has-black-color\">Mika Stirkkisen<\/mark> <\/strong>johdolla l\u00f6ysi tiens\u00e4 pelinrakentajan tai pallonkantajan luo linjan takana niin monesti, ett\u00e4 Sipoon avauspuoliskon aikana etenem\u00e4t jaardit j\u00e4iv\u00e4t melko mit\u00e4tt\u00f6miksi. <\/p>\n\n\n\n<p>Blazen hy\u00f6kk\u00e4ykselle taas ei vauhtiin p\u00e4\u00e4sty\u00e4\u00e4n tuntunut l\u00f6ytyv\u00e4n pys\u00e4ytt\u00e4j\u00e4\u00e4, kun ensin laitahy\u00f6kk\u00e4\u00e4j\u00e4 Helenius nappasi pallon kiinni maalialueen kulmassa, vaikka Bulldogsin takamies roikkui h\u00e4nen paidassaan kiinni. T\u00e4m\u00e4n j\u00e4lkeen pelinrakentaja Kaarnakari juoksi itse lis\u00e4pisteet maalialueelle Bulldogsin puolustuksen haparoitua. Kun viel\u00e4 lis\u00e4pistesuorituksissa kunnostautunut Story juoksi pallon maaliin vaihteeksi kuuden pisteen arvoisesti, johti Blaze ottelua 22-0. Enemp\u00e4\u00e4 pisteit\u00e4 ensimm\u00e4isell\u00e4 puoliskolla ei n\u00e4hty, sill\u00e4 Blazen kolmas lis\u00e4pisteyritys ep\u00e4onnistui hy\u00f6kk\u00e4yksen aloitussy\u00f6t\u00f6n j\u00e4\u00e4ty\u00e4 liian alas, jolloin Kaarnakarin polvi kosketti maata h\u00e4nen poimiessaan palloa.<\/p>\n\n\n\n<p>Turnauksen peleiss\u00e4 toiset puoliajat muodostuivat Blazen hy\u00f6kk\u00e4ykselle melkoiseksi tervanjuonniksi, eik\u00e4 hy\u00f6kk\u00e4yksen tahtipuikkoa kent\u00e4n laidalla heiluttanut <strong><mark style=\"background-color:#fcb900\" class=\"has-inline-color has-black-color\">Terho Soini<\/mark><\/strong> l\u00f6yt\u00e4nyt ratkaisua t\u00e4h\u00e4n mysteeriin, vaikka h\u00e4n pystyikin neuvokkailla pelikutsuillaan pelastamaan hy\u00f6kk\u00e4yksens\u00e4 useammillakin kolmansilla yrityksill\u00e4. Sipoo sen sijaan alkoi l\u00f6yt\u00e4\u00e4 keinoja Blazen puolustuksen puhkomiseen, kun he juoksuttivat Blazen puolustusta kent\u00e4n laidalta toiselle reverse-tyyppisill\u00e4 juoksupeleill\u00e4 ja laitahy\u00f6kk\u00e4\u00e4j\u00e4t juoksivat pitki\u00e4 post-kuvia. Yksi t\u00e4llainen heittopeli l\u00f6ysikin lopulta tiens\u00e4 maalialueelle asti. Blazen hy\u00f6kk\u00e4yksen avauspuoliskolla takomat lukemat olivat kuitenkin t\u00e4ll\u00e4 kertaa liikaa Sipoolle kiritt\u00e4v\u00e4ksi, kun puolustuksen linjassa pelannut <strong><mark style=\"background-color:#fcb900\" class=\"has-inline-color has-black-color\">Juhani Paasipohja<\/mark><\/strong> sai viel\u00e4 Sipoon toisen touchdownin j\u00e4lkeisess\u00e4 t\u00e4rke\u00e4ss\u00e4 lis\u00e4pisteyrityksess\u00e4 blokattua Sipoon heittoyrityksen. N\u00e4in ollen Blaze vei nimiins\u00e4 joukkueiden ensimm\u00e4isen kohtaamisen t\u00e4ll\u00e4 kaudella numeroin 14-22 ja aloittaa kautensa puhtaasti 2-0.<\/p>\n\n\n\n<p>Toisten puoliaikojen vaikeuksista huolimatta Blaze voi olla ylpe\u00e4 kauden avauksestaan, sill\u00e4 suuri osa etenkin joukkueen puolustuksesta pelasi ensimm\u00e4iset pelins\u00e4 aikuisten tasolla. Jenkkifutiksessa \u00e4\u00e4rimm\u00e4isen t\u00e4rke\u00e4 linjapeli oli lauantaina todella vahvaa molemmin puolin palloa. Puolustus n\u00e4ytti my\u00f6s syvyytens\u00e4 pelattuaan vahvat ottelut, vaikka menettikin kapteeninsa, sarjan parhaimpiin tukimiehiin kuuluvan <strong><mark style=\"background-color:#fcb900\" class=\"has-inline-color has-black-color\">Markus Nieminen<\/mark><\/strong> loukkaantumisen takia jo Jaguars-ottelun toisella downilla. Blazen tarvitsee kuitenkin saada lis\u00e4\u00e4 varmuutta pelaamiseensa, jos joukkue mielii haastaa lohkossaan pelaavan viime kauden mestarin Joensuu Wolvesin sek\u00e4 B-lohkoa mielin m\u00e4\u00e4rin dominoineen Porvoo Teurastajat \u00c4ij\u00e4liigan mestaruudesta. Seuraavien kahden viikon aikana Blazen kannattaakin keskitty\u00e4 parantelemaan lauantaina k\u00e4rsityt kolhut ja viritt\u00e4m\u00e4\u00e4n itsens\u00e4 todelliseen huippuiskuun, kun lauantaina 23. hein\u00e4kuuta joukkue kohtaa lohkon k\u00e4rkikamppailussa Wolvesin jo aamukymmenelt\u00e4 Viitaniemen tekonurmella Jyv\u00e4skyl\u00e4 Jaguarsin is\u00e4nn\u00f6im\u00e4ss\u00e4 turnauksessa.<\/p>\n","protected":false},"excerpt":{"rendered":"<p>Tournament report Saturday 9th of July Otteluraportin tarjoaa ProMesta Henkil\u00f6st\u00f6palvelut Oy ProMesta Blaze l\u00e4hti Sipoon [&hellip;]<\/p>\n","protected":false},"author":1,"featured_media":0,"parent":45,"menu_order":0,"comment_status":"closed","ping_status":"closed","template":"","meta":{"inline_featured_image":false,"footnotes":""},"class_list":["post-397","page","type-page","status-publish","hentry"],"_links":{"self":[{"href":"https:\/\/malmiblaze.fi\/index.php?rest_route=\/wp\/v2\/pages\/397"}],"collection":[{"href":"https:\/\/malmiblaze.fi\/index.php?rest_route=\/wp\/v2\/pages"}],"about":[{"href":"https:\/\/malmiblaze.fi\/index.php?rest_route=\/wp\/v2\/types\/page"}],"author":[{"embeddable":true,"href":"https:\/\/malmiblaze.fi\/index.php?rest_route=\/wp\/v2\/users\/1"}],"replies":[{"embeddable":true,"href":"https:\/\/malmiblaze.fi\/index.php?rest_route=%2Fwp%2Fv2%2Fcomments&post=397"}],"version-history":[{"count":6,"href":"https:\/\/malmiblaze.fi\/index.php?rest_route=\/wp\/v2\/pages\/397\/revisions"}],"predecessor-version":[{"id":488,"href":"https:\/\/malmiblaze.fi\/index.php?rest_route=\/wp\/v2\/pages\/397\/revisions\/488"}],"up":[{"embeddable":true,"href":"https:\/\/malmiblaze.fi\/index.php?rest_route=\/wp\/v2\/pages\/45"}],"wp:attachment":[{"href":"https:\/\/malmiblaze.fi\/index.php?rest_route=%2Fwp%2Fv2%2Fmedia&parent=397"}],"curies":[{"name":"wp","href":"https:\/\/api.w.org\/{rel}","templated":true}]}}