{"id":41,"date":"2020-11-28T16:46:32","date_gmt":"2020-11-28T16:46:32","guid":{"rendered":"http:\/\/malmiblaze.fi\/?page_id=41"},"modified":"2022-02-19T11:29:34","modified_gmt":"2022-02-19T11:29:34","slug":"roster-2021","status":"publish","type":"page","link":"https:\/\/malmiblaze.fi\/?page_id=41","title":{"rendered":"Roster 2021"},"content":{"rendered":"\n<h2 class=\"wp-block-heading\" id=\"blaze-roster-2021\">Blaze Roster 2021<\/h2>\n\n\n\n<figure class=\"wp-block-table is-style-regular\"><table><tbody><tr><td class=\"has-text-align-center\" data-align=\"center\"><strong>Number<\/strong><\/td><td class=\"has-text-align-center\" data-align=\"center\"><strong>Position<\/strong><\/td><td><strong>Name<\/strong><\/td><td class=\"has-text-align-center\" data-align=\"center\"><strong>Years in Blaze<\/strong><\/td><\/tr><tr><td class=\"has-text-align-center\" data-align=\"center\"># 7<\/td><td class=\"has-text-align-center\" data-align=\"center\">WR<\/td><td>Vili Leinonen<\/td><td class=\"has-text-align-center\" data-align=\"center\">Freshman<\/td><\/tr><tr><td class=\"has-text-align-center\" data-align=\"center\"># 8<\/td><td class=\"has-text-align-center\" data-align=\"center\">DB<\/td><td>Mikko Marttinen<\/td><td class=\"has-text-align-center\" data-align=\"center\">1<\/td><\/tr><tr><td class=\"has-text-align-center\" data-align=\"center\"># 10<\/td><td class=\"has-text-align-center\" data-align=\"center\">WR<\/td><td>Vertti Huttunen<\/td><td class=\"has-text-align-center\" data-align=\"center\">2<\/td><\/tr><tr><td class=\"has-text-align-center\" data-align=\"center\"># 18<\/td><td class=\"has-text-align-center\" data-align=\"center\">QB<\/td><td>Ambro Urjansson<\/td><td class=\"has-text-align-center\" data-align=\"center\">Freshman<\/td><\/tr><tr><td class=\"has-text-align-center\" data-align=\"center\"># 21<\/td><td class=\"has-text-align-center\" data-align=\"center\">DB<\/td><td>Patrick Story<\/td><td class=\"has-text-align-center\" data-align=\"center\">3<\/td><\/tr><tr><td class=\"has-text-align-center\" data-align=\"center\"># 22<\/td><td class=\"has-text-align-center\" data-align=\"center\">DB<\/td><td>Santeri Saari<\/td><td class=\"has-text-align-center\" data-align=\"center\">3<\/td><\/tr><tr><td class=\"has-text-align-center\" data-align=\"center\"># 24<\/td><td class=\"has-text-align-center\" data-align=\"center\">DB<\/td><td>Juha-Matti Kauko<\/td><td class=\"has-text-align-center\" data-align=\"center\">Freshman<\/td><\/tr><tr><td class=\"has-text-align-center\" data-align=\"center\"># 25<\/td><td class=\"has-text-align-center\" data-align=\"center\">LB<\/td><td>Mourad Daifi<\/td><td class=\"has-text-align-center\" data-align=\"center\">Freshman<\/td><\/tr><tr><td class=\"has-text-align-center\" data-align=\"center\"># 41<\/td><td class=\"has-text-align-center\" data-align=\"center\">TE \/ WR<\/td><td>Gustav Walhstein<\/td><td class=\"has-text-align-center\" data-align=\"center\">Freshman<\/td><\/tr><tr><td class=\"has-text-align-center\" data-align=\"center\"># 42<\/td><td class=\"has-text-align-center\" data-align=\"center\">TE \/ RB<\/td><td>Mika Strikkinen<\/td><td class=\"has-text-align-center\" data-align=\"center\">1<\/td><\/tr><tr><td class=\"has-text-align-center\" data-align=\"center\"># 44<\/td><td class=\"has-text-align-center\" data-align=\"center\">LB<\/td><td>Markus Nieminen<\/td><td class=\"has-text-align-center\" data-align=\"center\">5<\/td><\/tr><tr><td class=\"has-text-align-center\" data-align=\"center\"># 45<\/td><td class=\"has-text-align-center\" data-align=\"center\">RB \/ WR<\/td><td>Antti Kainulainen<\/td><td class=\"has-text-align-center\" data-align=\"center\">1<\/td><\/tr><tr><td class=\"has-text-align-center\" data-align=\"center\"># 49<\/td><td class=\"has-text-align-center\" data-align=\"center\">LB \/ DL<\/td><td>Jesse Malkam\u00e4ki<\/td><td class=\"has-text-align-center\" data-align=\"center\">2<\/td><\/tr><tr><td class=\"has-text-align-center\" data-align=\"center\"># 50<\/td><td class=\"has-text-align-center\" data-align=\"center\">OL<\/td><td>Tor \u00c5hl<\/td><td class=\"has-text-align-center\" data-align=\"center\">1<\/td><\/tr><tr><td class=\"has-text-align-center\" data-align=\"center\"># 69<\/td><td class=\"has-text-align-center\" data-align=\"center\">OL<\/td><td>Janne Petjoi<\/td><td class=\"has-text-align-center\" data-align=\"center\">4<\/td><\/tr><tr><td class=\"has-text-align-center\" data-align=\"center\"># 70<\/td><td class=\"has-text-align-center\" data-align=\"center\">OL<\/td><td>Joonas Lappalainen<\/td><td class=\"has-text-align-center\" data-align=\"center\">2<\/td><\/tr><tr><td class=\"has-text-align-center\" data-align=\"center\"># 81<\/td><td class=\"has-text-align-center\" data-align=\"center\">OL<\/td><td>Veeti Luoti<\/td><td class=\"has-text-align-center\" data-align=\"center\">Freshman<\/td><\/tr><tr><td class=\"has-text-align-center\" data-align=\"center\">#82<\/td><td class=\"has-text-align-center\" data-align=\"center\">DB<\/td><td>Juhani Paasikivi<\/td><td class=\"has-text-align-center\" data-align=\"center\">Freshman<\/td><\/tr><tr><td class=\"has-text-align-center\" data-align=\"center\"># 85<\/td><td class=\"has-text-align-center\" data-align=\"center\">LB \/ DL<\/td><td>Miikka Hukkanen<\/td><td class=\"has-text-align-center\" data-align=\"center\">3<\/td><\/tr><tr><td class=\"has-text-align-center\" data-align=\"center\"># 86<\/td><td class=\"has-text-align-center\" data-align=\"center\">DL<\/td><td>Lorenzo Luici Ciatti<\/td><td class=\"has-text-align-center\" data-align=\"center\">1<\/td><\/tr><tr><td class=\"has-text-align-center\" data-align=\"center\"># 87<\/td><td class=\"has-text-align-center\" data-align=\"center\">WR<\/td><td>Kimmo T\u00e4hk\u00e4p\u00e4\u00e4<\/td><td class=\"has-text-align-center\" data-align=\"center\">Freshman<\/td><\/tr><tr><td class=\"has-text-align-center\" data-align=\"center\"># 88<\/td><td class=\"has-text-align-center\" data-align=\"center\">QB<\/td><td>Jarmo Manninen<\/td><td class=\"has-text-align-center\" data-align=\"center\">7<\/td><\/tr><tr><td class=\"has-text-align-center\" data-align=\"center\"># 92<\/td><td class=\"has-text-align-center\" data-align=\"center\">DL<\/td><td>Veli-Pekka Vuorela<\/td><td class=\"has-text-align-center\" data-align=\"center\">8<\/td><\/tr><tr><td class=\"has-text-align-center\" data-align=\"center\"># 95<\/td><td class=\"has-text-align-center\" data-align=\"center\">OL \/ RB<\/td><td>Topi Anttila<\/td><td class=\"has-text-align-center\" data-align=\"center\">Freshman<\/td><\/tr><tr><td class=\"has-text-align-center\" data-align=\"center\"># 97<\/td><td class=\"has-text-align-center\" data-align=\"center\">DL<\/td><td>Simeon Siltam\u00e4ki<\/td><td class=\"has-text-align-center\" data-align=\"center\">Freshman<\/td><\/tr><tr><td class=\"has-text-align-center\" data-align=\"center\"># 98<\/td><td class=\"has-text-align-center\" data-align=\"center\">DL<\/td><td>Anders Norrgrann<\/td><td class=\"has-text-align-center\" data-align=\"center\">5<\/td><\/tr><tr><td class=\"has-text-align-center\" data-align=\"center\"># 99<\/td><td class=\"has-text-align-center\" data-align=\"center\">LB<\/td><td>Juho Lepp\u00e4nen<\/td><td class=\"has-text-align-center\" data-align=\"center\">5<\/td><\/tr><\/tbody><\/table><\/figure>\n\n\n\n<p style=\"font-size:35px\"><strong>STAFF<\/strong><\/p>\n\n\n\n<figure class=\"wp-block-table\"><table><tbody><tr><td>Head coach \/ Defensive coordinator<\/td><td>Veli-Pekka Vuorela<\/td><\/tr><tr><td>Offensive coordinator \/ WR coach<\/td><td>Jarmo Manninen<\/td><\/tr><tr><td>Physics \/ DB coach<\/td><td>Patrick Story<\/td><\/tr><tr><td>Runingback Coach<\/td><td>Robert Signore<\/td><\/tr><tr><td>Lineback Coach<\/td><td>Antti V\u00e4is\u00e4nen<\/td><\/tr><tr><td>Media Team \/ Producer Manager<\/td><td>Niko Silventoinen<\/td><\/tr><tr><td>Media Team \/ Photographer<\/td><td>Emilia Rajaste<\/td><\/tr><\/tbody><\/table><\/figure>\n","protected":false},"excerpt":{"rendered":"<p>Blaze Roster 2021 Number Position Name Years in Blaze # 7 WR Vili Leinonen Freshman [&hellip;]<\/p>\n","protected":false},"author":1,"featured_media":0,"parent":197,"menu_order":1,"comment_status":"closed","ping_status":"closed","template":"template-full-width.php","meta":{"inline_featured_image":false,"footnotes":""},"class_list":["post-41","page","type-page","status-publish","hentry"],"_links":{"self":[{"href":"https:\/\/malmiblaze.fi\/index.php?rest_route=\/wp\/v2\/pages\/41"}],"collection":[{"href":"https:\/\/malmiblaze.fi\/index.php?rest_route=\/wp\/v2\/pages"}],"about":[{"href":"https:\/\/malmiblaze.fi\/index.php?rest_route=\/wp\/v2\/types\/page"}],"author":[{"embeddable":true,"href":"https:\/\/malmiblaze.fi\/index.php?rest_route=\/wp\/v2\/users\/1"}],"replies":[{"embeddable":true,"href":"https:\/\/malmiblaze.fi\/index.php?rest_route=%2Fwp%2Fv2%2Fcomments&post=41"}],"version-history":[{"count":13,"href":"https:\/\/malmiblaze.fi\/index.php?rest_route=\/wp\/v2\/pages\/41\/revisions"}],"predecessor-version":[{"id":288,"href":"https:\/\/malmiblaze.fi\/index.php?rest_route=\/wp\/v2\/pages\/41\/revisions\/288"}],"up":[{"embeddable":true,"href":"https:\/\/malmiblaze.fi\/index.php?rest_route=\/wp\/v2\/pages\/197"}],"wp:attachment":[{"href":"https:\/\/malmiblaze.fi\/index.php?rest_route=%2Fwp%2Fv2%2Fmedia&parent=41"}],"curies":[{"name":"wp","href":"https:\/\/api.w.org\/{rel}","templated":true}]}}