{"id":420,"date":"2022-07-27T16:22:32","date_gmt":"2022-07-27T16:22:32","guid":{"rendered":"https:\/\/malmiblaze.fi\/?page_id=420"},"modified":"2022-08-15T15:16:21","modified_gmt":"2022-08-15T15:16:21","slug":"saturday-23th-of-july-report","status":"publish","type":"page","link":"https:\/\/malmiblaze.fi\/?page_id=420","title":{"rendered":"Saturday 23rd of July &#8211; report"},"content":{"rendered":"\n<h1 class=\"wp-block-heading\">Tournament report Saturday 23rd of July<\/h1>\n\n\n\n<h3 class=\"wp-block-heading\"><em><strong>Otteluraportin tarjoaa ProMesta Henkil\u00f6st\u00f6palvelut Oy<\/strong><\/em><\/h3>\n\n\n\n<p>Kahteen voittoon p\u00e4\u00e4ttyneen avausturnauksen j\u00e4lkeen Blaze l\u00e4hti Jyv\u00e4skyl\u00e4n turnaukseen varovaisen toiveikkaana haastamaan ennalta selv\u00e4sti kovempia vastustajia. Edelliskauden mestari Joensuu Wolves on saanut t\u00e4ll\u00e4kin kaudella jalkeille pienen, mutta vakuuttavan nipun kokeneita ja atleettisia pelaajia, ja my\u00f6s avausturnauksessa Blazelle taipunut Jyv\u00e4skyl\u00e4 Jaguars p\u00e4\u00e4si kotiturnaukseensa huomattavasti vahvemmalla kokoonpanolla Sipoon turnaukseen verrattuna. Sipoon turnauksen urhoollisissa taisteluissa saadut loukkaantumiset olivat harventaneet Blazen rivej\u00e4 huomattavasti viimeisen kahden viikon aikana, mink\u00e4 takia Blaze p\u00e4\u00e4si l\u00e4htem\u00e4\u00e4n Jyv\u00e4skyl\u00e4\u00e4n vain kahdella kulmapuolustajalla sek\u00e4 yhdell\u00e4 t\u00e4ysin terveell\u00e4 hy\u00f6kk\u00e4yksen linjamiehell\u00e4. Poissaolojen vaikutus n\u00e4kyi pelien p\u00e4\u00e4tytty\u00e4 my\u00f6s harmillisen selv\u00e4sti tulostaululla, kun Blaze h\u00e4visi turnauksen avausottelussa Joensuu Wolvesille murskaluvuin 6-46 ja p\u00e4\u00e4t\u00f6sottelussa kotijoukkue Jaguars karjui liekkimiehet kumoon 12-44.<\/p>\n\n\n\n<figure class=\"wp-block-image size-full\"><img loading=\"lazy\" decoding=\"async\" width=\"768\" height=\"485\" src=\"https:\/\/malmiblaze.fi\/wp-content\/uploads\/2022\/07\/Jkl_saa.jpg\" alt=\"\" class=\"wp-image-421\" srcset=\"https:\/\/malmiblaze.fi\/wp-content\/uploads\/2022\/07\/Jkl_saa.jpg 768w, https:\/\/malmiblaze.fi\/wp-content\/uploads\/2022\/07\/Jkl_saa-300x189.jpg 300w\" sizes=\"(max-width: 768px) 100vw, 768px\" \/><\/figure>\n\n\n\n<h2 class=\"wp-block-heading\"><strong>Voittava resepti suli kaatosateeseen<\/strong><\/h2>\n\n\n\n<h3 class=\"wp-block-heading\"><strong>ProMesta Blaze \u2013 Joensuu Wolves 6-46 (6-24)<\/strong><\/h3>\n\n\n\n<p>Valtaosalla Blazen joukkuetta her\u00e4tyskellot soivat lauantaiaamuna samaan aikaan, kun Vaasankadun baareissa ilo oli viel\u00e4 ylimmill\u00e4\u00e4n, sill\u00e4 joukkueen bussin nokka k\u00e4\u00e4ntyi Helsingin Velodromilta kohti Jyv\u00e4skyl\u00e4\u00e4 puoli viidelt\u00e4 aamulla. Jokainen urheilija tiet\u00e4\u00e4 pitk\u00e4n, jalat kangistavan bussimatkan olevan myrkky\u00e4 suorituskyvylle yhdess\u00e4 lyhyeksi j\u00e4\u00e4neen y\u00f6n kanssa, ja t\u00e4ll\u00e4 kertaa oli Blazen vuoro kokea t\u00e4m\u00e4 vanha viisaus todeksi. Kun viel\u00e4 ottelua edelt\u00e4v\u00e4t l\u00e4mmittelytkin j\u00e4iv\u00e4t kevyiksi Viitaniemen kentt\u00e4\u00e4 piiskanneen saderintaman ansiosta, otteluun valmistautuminen ja oikeaan pelitunnelmaan p\u00e4\u00e4sy olivat melko hataralla pohjalla. Puutteellinen valmistautuminen n\u00e4kyi Blazen suorituksissa l\u00e4pi koko ottelun helppoina virhein\u00e4, joita tapahtui niin hy\u00f6kk\u00e4yksen kuin puolustuksenkin puolella.<\/p>\n\n\n\n<p>My\u00f6s pitk\u00e4n matkan takaa saapunut Joensuu aloitti ottelun huomattavasti Blazen puolustusta pirte\u00e4mmin tekem\u00e4ll\u00e4 avauspisteet nopeasti ensimm\u00e4isen hy\u00f6kk\u00e4ysvuoronsa aikana. Malmin kasvattien hy\u00f6kk\u00e4ys kuitenkin vastasi omalla vuorollaan Joensuun haasteeseen, kun vahvasti jo Sipoossa esiintynyt keskushy\u00f6kk\u00e4\u00e4j\u00e4 <strong><mark style=\"background-color:#fcb900\" class=\"has-inline-color has-black-color\">Patrick Story<\/mark> <\/strong>juoksi kuusi pistett\u00e4 Blazen tulostaululle, vaikka lis\u00e4piste lopulta ep\u00e4onnistuikin.<\/p>\n\n\n\n<p>Blazen puolustus oli aloittanut Sipoon turnauksessa ottelunsa yht\u00e4 lailla tahmeasti, mutta Jyv\u00e4skyl\u00e4ss\u00e4 harmaat pilvet siirtyiv\u00e4t taivaalta yh\u00e4 vahvemmin koko joukkueen peliesityksiin ottelun edetess\u00e4. Wolvesin sivurajojen l\u00e4heisyyteen suuntautuneet option- sek\u00e4 kiertopelit yhdistettyn\u00e4 hy\u00f6kk\u00e4yksen raudanlujaan blokkausty\u00f6skentelyyn napsivat uusia yrityksi\u00e4 tasaisen tappavasti, eik\u00e4 Blazen puolustus saanut kovasta yritt\u00e4misest\u00e4 huolimatta irtauduttua blokeistaan. M\u00e4rill\u00e4 olosuhteilla oli osansa my\u00f6s siin\u00e4, ett\u00e4 Joensuun pelaajat lipsuivat useamman kerran ulos Blazen pelaajien taklauksista, mink\u00e4 takia Joensuu sai usein ilmaisia lis\u00e4jaardeja. Puolustuksen osalta ottelun huippuhetkeksi muodostuikin tulokaskauttaan pelaavan kulmapuolustaja <strong><mark style=\"background-color:#fcb900\" class=\"has-inline-color has-black-color\">Jani Hakalan<\/mark><\/strong> komea sy\u00f6t\u00f6nkatko toisella puoliajalla.<\/p>\n\n\n\n<p>Hy\u00f6kk\u00e4yksen puolella olosuhteet kirjaimellisesti vesittiv\u00e4t heittopelit, joihin Blaze joutui usein turvautumaan, kun juoksupelit p\u00e4\u00e4ttyiv\u00e4t blokkien puuttuessa usein aloituslinjan tasalle. Vaikka ottelun viimeisill\u00e4 minuuteilla hy\u00f6kk\u00e4ys alkoikin l\u00f6yt\u00e4\u00e4 rytmi\u00e4\u00e4n pelinrakentaja <strong><mark style=\"background-color:#fcb900\" class=\"has-inline-color has-black-color\">Vili Leinosen<\/mark><\/strong> juostua palloa yh\u00e4 enemm\u00e4n, ei Blaze saanut tehty\u00e4 enemp\u00e4\u00e4 pisteit\u00e4 ja loppulukemat kirjattiin Wolvesin eduksi 6-46.<\/p>\n\n\n\n<figure class=\"wp-block-image size-full\"><img loading=\"lazy\" decoding=\"async\" width=\"602\" height=\"469\" src=\"https:\/\/malmiblaze.fi\/wp-content\/uploads\/2022\/07\/Patrick_niitti.jpg\" alt=\"\" class=\"wp-image-423\" srcset=\"https:\/\/malmiblaze.fi\/wp-content\/uploads\/2022\/07\/Patrick_niitti.jpg 602w, https:\/\/malmiblaze.fi\/wp-content\/uploads\/2022\/07\/Patrick_niitti-300x234.jpg 300w\" sizes=\"(max-width: 602px) 100vw, 602px\" \/><\/figure>\n\n\n\n<h2 class=\"wp-block-heading\"><strong>Same same but different<\/strong><\/h2>\n\n\n\n<h3 class=\"wp-block-heading\"><strong>ProMesta Blaze &#8211; Jyv\u00e4skyl\u00e4 Jaguars 12 &#8211; 44 (6 &#8211; 28)<\/strong><\/h3>\n\n\n\n<p>Turnausaikataulun takia Blaze joutui odottamaan nelj\u00e4 tuntia otteluidensa v\u00e4liss\u00e4, mik\u00e4 on jenkkifutiksessa harmillisen pitk\u00e4 aika, sill\u00e4 ensimm\u00e4isess\u00e4 ottelussa koetut iskut alkavat ik\u00e4v\u00e4sti kipuilla adrenaliinitasojen laskiessa ja lihasten kylmettyess\u00e4. Positiivisena puolena mainittakoon, ett\u00e4 iltap\u00e4iv\u00e4\u00e4n menness\u00e4 sade oli jo v\u00e4istynyt ja ottelu p\u00e4\u00e4stiin pelaamaan kohtalaisen kuivissa olosuhteissa, vaikka kent\u00e4n pinta olikin edelleen l\u00e4pim\u00e4rk\u00e4 sateiden j\u00e4ljilt\u00e4. Otteluiden v\u00e4lisell\u00e4 tauolla Blazen johtavat pelaajat sek\u00e4 valmennusryhm\u00e4 olivat kuumeisesti miettineet ratkaisuja, joilla etenkin puolustusta vaivanneet ongelmat olisi saatu ratkaistua, mutta hyvien taktiikkapalavereiden vastapainoksi l\u00e4\u00e4kint\u00e4osastolta tuli jobinpostia, kun tukimiesosasto harveni sekin vain kahteen pelaajaan loukkaantumisten my\u00f6t\u00e4.<\/p>\n\n\n\n<p>Kauden molempia Jaguars-otteluja seuranneet katsojat saattoivat kokea D\u00e9j\u00e0-vu-ilmi\u00f6n Jaguarsin ensimm\u00e4isell\u00e4 hy\u00f6kk\u00e4ysyrityksell\u00e4, kun joukkue juoksi pallon maalialueelle t\u00e4sm\u00e4lleen samalla pelill\u00e4, jolla joukkue oli tehnyt touchdownin my\u00f6s Sipoon turnauksen ensimm\u00e4isell\u00e4 hy\u00f6kk\u00e4yspelill\u00e4\u00e4n. T\u00e4m\u00e4 l\u00f6i alkutahdit ottelulle, joka muistutti harvinaisen suuresti ottelua Joensuu Wolvesia vastaan \u2013 Jyv\u00e4skyl\u00e4n juoksupelin blokit alkoivat purra sit\u00e4 paremmin, mit\u00e4 pidemm\u00e4lle ottelu eteni. Iso selitt\u00e4v\u00e4 tekij\u00e4 t\u00e4lle l\u00f6ytyy my\u00f6s v\u00e4symyksest\u00e4, joka alkoi paistaa Blazen puolustuksesta sit\u00e4 selvemmin, mit\u00e4 pidemm\u00e4lle ottelu eteni. Ottelun toisella puolustusvuorollaan Blaze oli kuitenkin viel\u00e4 ter\u00e4v\u00e4n\u00e4 liikkeell\u00e4 ja ensimm\u00e4ist\u00e4 peli\u00e4\u00e4n helsinkil\u00e4isten paidassa pelannut <strong><mark style=\"background-color:#fcb900\" class=\"has-inline-color has-black-color\">Joel R\u00f6ssi<\/mark> <\/strong>sai komealla yksil\u00f6suorituksellaan yll\u00e4tetty\u00e4 jyv\u00e4skyl\u00e4l\u00e4isten pelinrakentajan, jonka toss-peli keskushy\u00f6kk\u00e4\u00e4j\u00e4lle p\u00e4\u00e4tyikin r\u00e4hm\u00e4ykseksi, jonka R\u00f6ssi itse peitti Blazelle.<\/p>\n\n\n\n<p>Blazella olisi voinut olla mahdollisuus voittaa ottelu, jos hy\u00f6kk\u00e4ys olisi vastannut Jaguarsin pisteisiin samaan tapaan kuin Sipoon turnauksessa, mutta n\u00e4in samanlaista n\u00e4yt\u00f6st\u00e4 t\u00e4st\u00e4 ottelusta ei kuitenkaan saatu. Vaikka Helsinki Roostersista farmisopimuksen puitteissa lainaan saatu, U19-maajoukkueen avainpelaajiin aiemmin hein\u00e4kuussa EM-kilpailuissa kuulunut <strong><mark style=\"background-color:#fcb900\" class=\"has-inline-color has-black-color\">Gustav Wahlstein<\/mark><\/strong> saikin pallon kiinni maalialueella ja my\u00f6hemmin toisella puoliajalla keskushy\u00f6kk\u00e4\u00e4j\u00e4 Story kirjasi toiset kuusi pistett\u00e4 plakkariinsa ovelalla kikkapelill\u00e4, oli Blazen hy\u00f6kk\u00e4ys askeleen per\u00e4ss\u00e4 Jyv\u00e4skyl\u00e4\u00e4 suurimman osan ottelusta. Loppuvihellyksen kaikuessa kirjattiin ottelun lukemat Jaguarsin hyv\u00e4ksi 12-44.<\/p>\n\n\n\n<figure class=\"wp-block-image size-full\"><img loading=\"lazy\" decoding=\"async\" width=\"655\" height=\"456\" src=\"https:\/\/malmiblaze.fi\/wp-content\/uploads\/2022\/07\/varusteet.jpg\" alt=\"\" class=\"wp-image-422\" srcset=\"https:\/\/malmiblaze.fi\/wp-content\/uploads\/2022\/07\/varusteet.jpg 655w, https:\/\/malmiblaze.fi\/wp-content\/uploads\/2022\/07\/varusteet-300x209.jpg 300w\" sizes=\"(max-width: 655px) 100vw, 655px\" \/><\/figure>\n\n\n\n<h2 class=\"wp-block-heading\"><strong>Petri Matikaisen opeilla kohti ProMesta Bowlia<\/strong><\/h2>\n\n\n\n<p>Blazen ei kannata m\u00e4rehti\u00e4 liian pitk\u00e4\u00e4n Jyv\u00e4skyl\u00e4n otteluiden lopputuloksissa, jotka kertovat kyll\u00e4 osapuolten v\u00e4lisist\u00e4 voimasuhteista, mutta ovat karummat kuin mit\u00e4 kentt\u00e4tapahtumien perusteella olisi voinut odottaa. Kuuluisat pienet marginaalit ratkaisivat yll\u00e4tt\u00e4v\u00e4nkin paljon ja joukkue voisi halutessaan jossitella useammasta rangaistuksesta ja yksil\u00f6virheest\u00e4, jotka muuttivat pelin kuvaa ratkaisevasti. T\u00e4h\u00e4n ei kuitenkaan ole aikaa, sill\u00e4 Blaze p\u00e4\u00e4see is\u00e4nn\u00f6im\u00e4\u00e4n kotiturnaustaan ProMesta Bowlia jo tulevana lauantain 30.7. N\u00e4ihin otteluihin valmistautumista auttaa varmasti se, ett\u00e4 Jyv\u00e4skyl\u00e4n ottelut striimattiin suorana Jaguarsin Youtube-kanavalla ja Blazen valmennusryhm\u00e4 kuluttaa varmasti kyseiset nauhoitteet puhki etsiess\u00e4\u00e4n toimivia taktiikoita Lassilan Selekta Areenalle. Ehk\u00e4 kolmas kerta toden sanoo \u2013 Blazen ensimm\u00e4inen ottelu ProMesta Bowlissa Sipoo Bulldogsia vastaan kun tulee olemaan kolmas per\u00e4tt\u00e4inen kamppailu, jossa helsinkil\u00e4iset l\u00f6yt\u00e4\u00e4 ottelup\u00f6yt\u00e4kirjasta kotijoukkueen paikalta. Joka tapauksessa, joukkueen kannattaa nyt noudattaa Petri Matikaisen kuuluisaa doktriinia, jossa sy\u00f6d\u00e4\u00e4n vastoink\u00e4ymiset ja menn\u00e4\u00e4n eteenp\u00e4in.&nbsp;<\/p>\n","protected":false},"excerpt":{"rendered":"<p>Tournament report Saturday 23rd of July Otteluraportin tarjoaa ProMesta Henkil\u00f6st\u00f6palvelut Oy Kahteen voittoon p\u00e4\u00e4ttyneen avausturnauksen [&hellip;]<\/p>\n","protected":false},"author":1,"featured_media":0,"parent":45,"menu_order":0,"comment_status":"closed","ping_status":"closed","template":"","meta":{"inline_featured_image":false,"footnotes":""},"class_list":["post-420","page","type-page","status-publish","hentry"],"_links":{"self":[{"href":"https:\/\/malmiblaze.fi\/index.php?rest_route=\/wp\/v2\/pages\/420"}],"collection":[{"href":"https:\/\/malmiblaze.fi\/index.php?rest_route=\/wp\/v2\/pages"}],"about":[{"href":"https:\/\/malmiblaze.fi\/index.php?rest_route=\/wp\/v2\/types\/page"}],"author":[{"embeddable":true,"href":"https:\/\/malmiblaze.fi\/index.php?rest_route=\/wp\/v2\/users\/1"}],"replies":[{"embeddable":true,"href":"https:\/\/malmiblaze.fi\/index.php?rest_route=%2Fwp%2Fv2%2Fcomments&post=420"}],"version-history":[{"count":6,"href":"https:\/\/malmiblaze.fi\/index.php?rest_route=\/wp\/v2\/pages\/420\/revisions"}],"predecessor-version":[{"id":484,"href":"https:\/\/malmiblaze.fi\/index.php?rest_route=\/wp\/v2\/pages\/420\/revisions\/484"}],"up":[{"embeddable":true,"href":"https:\/\/malmiblaze.fi\/index.php?rest_route=\/wp\/v2\/pages\/45"}],"wp:attachment":[{"href":"https:\/\/malmiblaze.fi\/index.php?rest_route=%2Fwp%2Fv2%2Fmedia&parent=420"}],"curies":[{"name":"wp","href":"https:\/\/api.w.org\/{rel}","templated":true}]}}