{"id":563,"date":"2023-09-06T13:50:26","date_gmt":"2023-09-06T13:50:26","guid":{"rendered":"https:\/\/malmiblaze.fi\/?page_id=563"},"modified":"2023-09-06T13:50:26","modified_gmt":"2023-09-06T13:50:26","slug":"roster-2023","status":"publish","type":"page","link":"https:\/\/malmiblaze.fi\/?page_id=563","title":{"rendered":"Roster 2023"},"content":{"rendered":"\n<h2 class=\"wp-block-heading\">Blaze Roster 2023<\/h2>\n\n\n\n<figure class=\"wp-block-table is-style-regular\"><table><tbody><tr><td class=\"has-text-align-center\" data-align=\"center\"><strong>Number<\/strong><\/td><td class=\"has-text-align-center\" data-align=\"center\"><strong>Position<\/strong><\/td><td><strong>Name<\/strong><\/td><td><strong>Height<\/strong><\/td><td><strong>Weight<\/strong><\/td><td class=\"has-text-align-center\" data-align=\"center\"><strong>Years in Blaze<\/strong><\/td><\/tr><tr><td class=\"has-text-align-center\" data-align=\"center\"># 7<\/td><td class=\"has-text-align-center\" data-align=\"center\">QB<\/td><td>Vili Leinonen<\/td><td>183cm<\/td><td>93kg<\/td><td class=\"has-text-align-center\" data-align=\"center\">2<\/td><\/tr><tr><td class=\"has-text-align-center\" data-align=\"center\"># 10<\/td><td class=\"has-text-align-center\" data-align=\"center\">WR<\/td><td>Vertti Huttunen<\/td><td>183cm<\/td><td>67kg<\/td><td class=\"has-text-align-center\" data-align=\"center\">4<\/td><\/tr><tr><td class=\"has-text-align-center\" data-align=\"center\"># 12<\/td><td class=\"has-text-align-center\" data-align=\"center\">QB<\/td><td>Micke Kaarnakari<\/td><td>179cm<\/td><td>82kg<\/td><td class=\"has-text-align-center\" data-align=\"center\">1<\/td><\/tr><tr><td class=\"has-text-align-center\" data-align=\"center\"># 20<\/td><td class=\"has-text-align-center\" data-align=\"center\">DB<\/td><td>Jani Hakala<\/td><td>188cm<\/td><td>90kg<\/td><td class=\"has-text-align-center\" data-align=\"center\">1<\/td><\/tr><tr><td class=\"has-text-align-center\" data-align=\"center\"># 21<\/td><td class=\"has-text-align-center\" data-align=\"center\">RB<\/td><td>Patrick Story<\/td><td>178cm<\/td><td>102kg<\/td><td class=\"has-text-align-center\" data-align=\"center\">5<\/td><\/tr><tr><td class=\"has-text-align-center\" data-align=\"center\"># 25<\/td><td class=\"has-text-align-center\" data-align=\"center\">LB<\/td><td>Olli Lievonen<\/td><td>176cm<\/td><td>85kg<\/td><td class=\"has-text-align-center\" data-align=\"center\">FRESHMAN<\/td><\/tr><tr><td class=\"has-text-align-center\" data-align=\"center\"># 27<\/td><td class=\"has-text-align-center\" data-align=\"center\">DB<\/td><td>Patrick Herkama<\/td><td>178cm<\/td><td>80kg<\/td><td class=\"has-text-align-center\" data-align=\"center\">1<\/td><\/tr><tr><td class=\"has-text-align-center\" data-align=\"center\"># 30<\/td><td class=\"has-text-align-center\" data-align=\"center\">LB<\/td><td>Elias Bj\u00f6rn<\/td><td>177cm<\/td><td>100kg<\/td><td class=\"has-text-align-center\" data-align=\"center\">1<\/td><\/tr><tr><td class=\"has-text-align-center\" data-align=\"center\"># 44<\/td><td class=\"has-text-align-center\" data-align=\"center\">LB<\/td><td>Markus Nieminen<\/td><td>186cm<\/td><td>92kg<\/td><td class=\"has-text-align-center\" data-align=\"center\">7<\/td><\/tr><tr><td class=\"has-text-align-center\" data-align=\"center\"># 42<\/td><td class=\"has-text-align-center\" data-align=\"center\">DL<\/td><td>Mika Strikkinen<\/td><td>186cm<\/td><td>108kg<\/td><td class=\"has-text-align-center\" data-align=\"center\">3<\/td><\/tr><tr><td class=\"has-text-align-center\" data-align=\"center\"># 45<\/td><td class=\"has-text-align-center\" data-align=\"center\">WR<\/td><td>Antti Kainulainen<\/td><td>172cm<\/td><td>74kg<\/td><td class=\"has-text-align-center\" data-align=\"center\">3<\/td><\/tr><tr><td class=\"has-text-align-center\" data-align=\"center\"># 49<\/td><td class=\"has-text-align-center\" data-align=\"center\">OL<\/td><td>Jesse Malkam\u00e4ki<\/td><td>180cm<\/td><td>107kg<\/td><td class=\"has-text-align-center\" data-align=\"center\">3<\/td><\/tr><tr><td class=\"has-text-align-center\" data-align=\"center\"># 50<\/td><td class=\"has-text-align-center\" data-align=\"center\">OL<\/td><td>Turre \u00c5hl<\/td><td>190cm<\/td><td>106kg<\/td><td class=\"has-text-align-center\" data-align=\"center\">3<\/td><\/tr><tr><td class=\"has-text-align-center\" data-align=\"center\"># 55<\/td><td class=\"has-text-align-center\" data-align=\"center\">RB<\/td><td>Niko Ruotsalainen<\/td><td>179cm<\/td><td>83kg<\/td><td class=\"has-text-align-center\" data-align=\"center\">1<\/td><\/tr><tr><td class=\"has-text-align-center\" data-align=\"center\"># 58<\/td><td class=\"has-text-align-center\" data-align=\"center\">LB<\/td><td>Joonatan Vuorela<\/td><td>179cm<\/td><td>85kg<\/td><td class=\"has-text-align-center\" data-align=\"center\">FRESHMAN<\/td><\/tr><tr><td class=\"has-text-align-center\" data-align=\"center\"># 69<\/td><td class=\"has-text-align-center\" data-align=\"center\">OL<\/td><td>Veeti Luoti<\/td><td>184cm<\/td><td>92kg<\/td><td class=\"has-text-align-center\" data-align=\"center\">2<\/td><\/tr><tr><td class=\"has-text-align-center\" data-align=\"center\"># 70<\/td><td class=\"has-text-align-center\" data-align=\"center\">DL<\/td><td>Joel R\u00f6ssi<\/td><td>183cm<\/td><td>128kg<\/td><td class=\"has-text-align-center\" data-align=\"center\">1<\/td><\/tr><tr><td class=\"has-text-align-center\" data-align=\"center\"># 82<\/td><td class=\"has-text-align-center\" data-align=\"center\">LB<\/td><td>Gustav Malmstr\u00f6m<\/td><td>185cm<\/td><td>92kg<\/td><td class=\"has-text-align-center\" data-align=\"center\">FRESHMAN<\/td><\/tr><tr><td class=\"has-text-align-center\" data-align=\"center\"># 83<\/td><td class=\"has-text-align-center\" data-align=\"center\">WR<\/td><td>Kimmo T\u00e4hk\u00e4p\u00e4\u00e4<\/td><td>176cm<\/td><td>81kg<\/td><td class=\"has-text-align-center\" data-align=\"center\">2<\/td><\/tr><tr><td class=\"has-text-align-center\" data-align=\"center\"># 85<\/td><td class=\"has-text-align-center\" data-align=\"center\">LB<\/td><td>Miikka Hukkanen<\/td><td>191cm<\/td><td>120kg<\/td><td class=\"has-text-align-center\" data-align=\"center\">5<\/td><\/tr><tr><td class=\"has-text-align-center\" data-align=\"center\"># 87<\/td><td class=\"has-text-align-center\" data-align=\"center\">WR<\/td><td>Gustav Wahlstein<\/td><td>194cm<\/td><td>90kg<\/td><td class=\"has-text-align-center\" data-align=\"center\">2<\/td><\/tr><tr><td class=\"has-text-align-center\" data-align=\"center\"># 91<\/td><td class=\"has-text-align-center\" data-align=\"center\">WR<\/td><td>Joona Vasamies<\/td><td>173cm<\/td><td>73kg<\/td><td class=\"has-text-align-center\" data-align=\"center\">1<\/td><\/tr><tr><td class=\"has-text-align-center\" data-align=\"center\"># 97<\/td><td class=\"has-text-align-center\" data-align=\"center\">DL<\/td><td>Juhani Paasipohja<\/td><td>192cm<\/td><td>104kg<\/td><td class=\"has-text-align-center\" data-align=\"center\">2<\/td><\/tr><tr><td class=\"has-text-align-center\" data-align=\"center\"># 98<\/td><td class=\"has-text-align-center\" data-align=\"center\">OL<\/td><td>Anders Norrgrann<\/td><td>185cm<\/td><td>115kg<\/td><td class=\"has-text-align-center\" data-align=\"center\">7<\/td><\/tr><tr><td class=\"has-text-align-center\" data-align=\"center\"># 99<\/td><td class=\"has-text-align-center\" data-align=\"center\">LB<\/td><td>Juho Lepp\u00e4nen<\/td><td>183cm<\/td><td>110kg<\/td><td class=\"has-text-align-center\" data-align=\"center\">7<\/td><\/tr><\/tbody><\/table><\/figure>\n\n\n\n<h2 class=\"wp-block-heading\">STAFF<\/h2>\n\n\n\n<figure class=\"wp-block-table\"><table><tbody><tr><td>Head coach + LB coach<\/td><td>Veli-Pekka Vuorela<\/td><\/tr><tr><td>Offensive coordinator + QB\/WR coach<\/td><td>Terho Soini<\/td><\/tr><tr><td>Defensive coordinator + RB\/DB coach<\/td><td>Patrick Story<\/td><\/tr><tr><td>OL + DL coach<\/td><td>Tero Vartiainen<\/td><\/tr><tr><td>Video coach<\/td><td>Juha-Matti Kauko<\/td><\/tr><tr><td>Masseur<\/td><td>Jarmo Manninen<\/td><\/tr><tr><td>Media Team \/ Producer Manager<\/td><td>Niko Silventoinen<\/td><\/tr><\/tbody><\/table><\/figure>\n","protected":false},"excerpt":{"rendered":"<p>Blaze Roster 2023 Number Position Name Height Weight Years in Blaze # 7 QB Vili [&hellip;]<\/p>\n","protected":false},"author":1,"featured_media":0,"parent":197,"menu_order":0,"comment_status":"closed","ping_status":"closed","template":"","meta":{"inline_featured_image":false,"footnotes":""},"class_list":["post-563","page","type-page","status-publish","hentry"],"_links":{"self":[{"href":"https:\/\/malmiblaze.fi\/index.php?rest_route=\/wp\/v2\/pages\/563"}],"collection":[{"href":"https:\/\/malmiblaze.fi\/index.php?rest_route=\/wp\/v2\/pages"}],"about":[{"href":"https:\/\/malmiblaze.fi\/index.php?rest_route=\/wp\/v2\/types\/page"}],"author":[{"embeddable":true,"href":"https:\/\/malmiblaze.fi\/index.php?rest_route=\/wp\/v2\/users\/1"}],"replies":[{"embeddable":true,"href":"https:\/\/malmiblaze.fi\/index.php?rest_route=%2Fwp%2Fv2%2Fcomments&post=563"}],"version-history":[{"count":1,"href":"https:\/\/malmiblaze.fi\/index.php?rest_route=\/wp\/v2\/pages\/563\/revisions"}],"predecessor-version":[{"id":564,"href":"https:\/\/malmiblaze.fi\/index.php?rest_route=\/wp\/v2\/pages\/563\/revisions\/564"}],"up":[{"embeddable":true,"href":"https:\/\/malmiblaze.fi\/index.php?rest_route=\/wp\/v2\/pages\/197"}],"wp:attachment":[{"href":"https:\/\/malmiblaze.fi\/index.php?rest_route=%2Fwp%2Fv2%2Fmedia&parent=563"}],"curies":[{"name":"wp","href":"https:\/\/api.w.org\/{rel}","templated":true}]}}